{"id":148,"date":"2023-05-07T14:09:08","date_gmt":"2023-05-07T12:09:08","guid":{"rendered":"https:\/\/willart.de\/wordpress\/?page_id=148"},"modified":"2025-11-24T14:05:52","modified_gmt":"2025-11-24T13:05:52","slug":"startseite","status":"publish","type":"page","link":"https:\/\/willart.de\/wordpress\/","title":{"rendered":"Start"},"content":{"rendered":"\n<blockquote class=\"wp-block-quote is-layout-flow wp-block-quote-is-layout-flow\">\n<p class=\"has-text-align-left has-vivid-cyan-blue-color has-text-color has-link-color has-regular-font-size wp-elements-c730d617acb808bdc47e39db9dfe18fd\">\u201e<em>Welches meiner Fotos mein Favorit ist? Das, was ich morgen machen werde.<\/em>\u201d Imogen Cunningham<\/p>\n<\/blockquote>\n\n\n\n<h2 class=\"wp-block-heading has-large-font-size\"><img loading=\"lazy\" decoding=\"async\" width=\"150\" height=\"150\" class=\"wp-image-320\" style=\"width: 150px;\" src=\"https:\/\/willart.de\/wordpress\/wp-content\/uploads\/2025\/09\/cropped-wkGem_bw.jpg\" alt=\"\" srcset=\"https:\/\/willart.de\/wordpress\/wp-content\/uploads\/2025\/09\/cropped-wkGem_bw.jpg 512w, https:\/\/willart.de\/wordpress\/wp-content\/uploads\/2025\/09\/cropped-wkGem_bw-300x300.jpg 300w, https:\/\/willart.de\/wordpress\/wp-content\/uploads\/2025\/09\/cropped-wkGem_bw-150x150.jpg 150w, https:\/\/willart.de\/wordpress\/wp-content\/uploads\/2025\/09\/cropped-wkGem_bw-270x270.jpg 270w, https:\/\/willart.de\/wordpress\/wp-content\/uploads\/2025\/09\/cropped-wkGem_bw-192x192.jpg 192w, https:\/\/willart.de\/wordpress\/wp-content\/uploads\/2025\/09\/cropped-wkGem_bw-180x180.jpg 180w, https:\/\/willart.de\/wordpress\/wp-content\/uploads\/2025\/09\/cropped-wkGem_bw-32x32.jpg 32w\" sizes=\"auto, (max-width: 150px) 100vw, 150px\" \/> <strong>Willkommen in WillArts Welt!<\/strong><\/h2>\n\n\n\n<h2 class=\"wp-block-heading\"><\/h2>\n\n\n<p>Sch\u00f6n, dass Ihr hier seid!.<\/p>\n<p>Als passionierter Amateurfotograf teile ich hier meine Leidenschaft mit Euch. Taucht ein in meine visuelle Welt, in der ich die unterschiedlichsten Momente und Stimmungen einfange \u2013 von der Sch\u00f6nheit der Natur \u00fcber faszinierende Architektur und Streetfotografie bis hin zu Fotoexperimenten und Abstraktem.<\/p>\n<p>Neben den <strong>Fotos<\/strong> findet Ihr hier auch <b>Blogbeitr\u00e4ge<\/b> rund um die Fotografie. Ich teile meine Erfahrungen, gebe Tipps und Tricks weiter und kommentiere Themen, die mich bewegen. Au\u00dferdem habe ich eine pers\u00f6nliche Auswahl an <b>Empfehlungen zu Filmen und B\u00fcchern<\/b> zusammengestellt, die mich begleitet und inspiriert haben.<\/p>\n<p>Ich w\u00fcnsche Euch viel Freude beim Entdecken meiner Werke und hoffe, Ihr findet Anregungen f\u00fcr Eure eigenen kreativen Projekte.<\/p>\n<p>Wilhelm Kr\u00fcger<\/p>","protected":false},"excerpt":{"rendered":"<p>\u201eWelches meiner Fotos mein Favorit ist? Das, was ich morgen machen werde.\u201d Imogen Cunningham Willkommen in WillArts Welt! Sch\u00f6n, dass Ihr hier seid!. Als passionierter Amateurfotograf teile ich hier meine Leidenschaft mit Euch. Taucht ein in meine visuelle Welt, in der ich die unterschiedlichsten Momente und Stimmungen einfange \u2013 von der Sch\u00f6nheit der Natur \u00fcber faszinierende Architektur und Streetfotografie bis hin zu Fotoexperimenten und Abstraktem. Neben den Fotos findet Ihr hier auch Blogbeitr\u00e4ge rund um die Fotografie. Ich teile meine Erfahrungen, gebe Tipps und Tricks weiter und kommentiere Themen, die mich bewegen. Au\u00dferdem habe ich eine pers\u00f6nliche Auswahl an Empfehlungen zu Filmen und B\u00fcchern zusammengestellt, die mich begleitet und inspiriert haben. Ich w\u00fcnsche Euch viel Freude beim Entdecken meiner Werke und hoffe, Ihr findet Anregungen f\u00fcr Eure eigenen kreativen Projekte. Wilhelm Kr\u00fcger<\/p>\n","protected":false},"author":1,"featured_media":0,"parent":0,"menu_order":0,"comment_status":"closed","ping_status":"closed","template":"","meta":{"footnotes":""},"class_list":["post-148","page","type-page","status-publish","hentry"],"acf":[],"_links":{"self":[{"href":"https:\/\/willart.de\/wordpress\/wp-json\/wp\/v2\/pages\/148","targetHints":{"allow":["GET"]}}],"collection":[{"href":"https:\/\/willart.de\/wordpress\/wp-json\/wp\/v2\/pages"}],"about":[{"href":"https:\/\/willart.de\/wordpress\/wp-json\/wp\/v2\/types\/page"}],"author":[{"embeddable":true,"href":"https:\/\/willart.de\/wordpress\/wp-json\/wp\/v2\/users\/1"}],"replies":[{"embeddable":true,"href":"https:\/\/willart.de\/wordpress\/wp-json\/wp\/v2\/comments?post=148"}],"version-history":[{"count":7,"href":"https:\/\/willart.de\/wordpress\/wp-json\/wp\/v2\/pages\/148\/revisions"}],"predecessor-version":[{"id":798,"href":"https:\/\/willart.de\/wordpress\/wp-json\/wp\/v2\/pages\/148\/revisions\/798"}],"wp:attachment":[{"href":"https:\/\/willart.de\/wordpress\/wp-json\/wp\/v2\/media?parent=148"}],"curies":[{"name":"wp","href":"https:\/\/api.w.org\/{rel}","templated":true}]}}