{"id":159,"date":"2023-05-07T14:17:06","date_gmt":"2023-05-07T12:17:06","guid":{"rendered":"https:\/\/willart.de\/wordpress\/?page_id=159"},"modified":"2025-10-28T23:20:39","modified_gmt":"2025-10-28T22:20:39","slug":"ueber-mich","status":"publish","type":"page","link":"https:\/\/willart.de\/wordpress\/ueber-mich\/","title":{"rendered":"\u00dcber mich"},"content":{"rendered":"\n<blockquote class=\"wp-block-quote has-vivid-cyan-blue-color has-text-color has-link-color wp-elements-dc9ad8af6743d4723a67129a68750ffb is-layout-flow wp-block-quote-is-layout-flow\">\n<p>&#8222;Amateure sorgen sich um die Ausr\u00fcstung, Profis sorgen sich um Geld, Meister sorgen sich um das Licht, ich mache einfach nur Fotos\u2026&#8220; &#8211; Vernon Trent<\/p>\n<\/blockquote>\n\n\n<p>Meine erste eigene Kamera (eine gebrauchte Nikkormat) kaufte ich mir 1972 vom ersten Gehalt nach Abschluss einer Banklehre. Voller Enthusiasmus (und weniger mit \u201eK\u00f6nnen\u201c) entstanden viele Schwarzwei\u00dffotografien, die ich auch selbst entwickelte und vergr\u00f6\u00dferte.<\/p>\n<p>Im Laufe der Jahre \u2013 berufliche Auslastung, den sp\u00e4teren Wechsel in die IT-Branche und schlie\u00dflich Gr\u00fcndung einer Familie \u2013 beschr\u00e4nkten sich meine Ergebnisse jedoch zunehmend auf Urlaubsdias bzw. sp\u00e4ter dann auf digitale Urlaubsbilder.\u00a0Die digitale Technik und die M\u00f6glichkeiten der Bildbearbeitung lie\u00dfen mein Interesse und vor allem den Spa\u00df am alten Hobby jedoch wieder wachsen.<\/p>\n<p>Dann 2013, mit Eintritt in den Vorruhestand, gewann die Fotografie f\u00fcr mich noch mehr an Bedeutung. In den Folgejahren besuchte ich Seminare, schloss mich mehreren Fotogemeinschaften an und erfuhr dort gegenseitige Motivation und Inspiration.<\/p>\n<p>Ich liebe es, neue Themen und Ideen auszuprobieren und experimentiere auch gern bei der Bildbearbeitung. Auf ein bestimmtes Sujet oder einen Stil bin ich nicht festgelegt. Ein lieber Mensch hat mich deshalb scherzhaft \u201eKameram\u00e4leon\u201c genannt, ein recht zutreffender Begriff, den ich auch in mein Instagram-Profil aufgenommen habe.<\/p>\n<p>Ich betreibe die Fotografie als engagierter Amateur ohne kommerzielle Interessen.<\/p>\n<p>Henri Cartier-Bresson sagte einmal: \u201eEin gutes Foto ist ein Foto, auf das man l\u00e4nger als eine Sekunde schaut.\u201c<br \/>\nWenn mir das gelingt, macht mich das froh!<\/p>\n<p><strong>Kontakt:<\/strong><\/p>\n<p>E-Mail: willart(at)willart.de<br \/>\nInstagram: willart3d<\/p>","protected":false},"excerpt":{"rendered":"<p>&#8222;Amateure sorgen sich um die Ausr\u00fcstung, Profis sorgen sich um Geld, Meister sorgen sich um das Licht, ich mache einfach nur Fotos\u2026&#8220; &#8211; Vernon Trent Meine erste eigene Kamera (eine gebrauchte Nikkormat) kaufte ich mir 1972 vom ersten Gehalt nach Abschluss einer Banklehre. Voller Enthusiasmus (und weniger mit \u201eK\u00f6nnen\u201c) entstanden viele Schwarzwei\u00dffotografien, die ich auch selbst entwickelte und vergr\u00f6\u00dferte. Im Laufe der Jahre \u2013 berufliche Auslastung, den sp\u00e4teren Wechsel in die IT-Branche und schlie\u00dflich Gr\u00fcndung einer Familie \u2013 beschr\u00e4nkten sich meine Ergebnisse jedoch zunehmend auf Urlaubsdias bzw. sp\u00e4ter dann auf digitale Urlaubsbilder.\u00a0Die digitale Technik und die M\u00f6glichkeiten der Bildbearbeitung lie\u00dfen mein Interesse und vor allem den Spa\u00df am alten Hobby jedoch wieder wachsen. Dann 2013, mit Eintritt in den Vorruhestand, gewann die Fotografie f\u00fcr mich noch mehr an Bedeutung. In den Folgejahren besuchte ich Seminare, schloss mich mehreren Fotogemeinschaften an und erfuhr dort gegenseitige Motivation und Inspiration. Ich liebe es, neue Themen und Ideen auszuprobieren und experimentiere auch gern bei der Bildbearbeitung. Auf ein bestimmtes Sujet oder einen Stil bin ich nicht festgelegt. Ein lieber Mensch hat mich deshalb scherzhaft \u201eKameram\u00e4leon\u201c genannt, ein recht zutreffender Begriff, den ich auch in mein Instagram-Profil aufgenommen habe. Ich betreibe die Fotografie als engagierter Amateur ohne kommerzielle Interessen. Henri Cartier-Bresson sagte einmal: \u201eEin gutes Foto ist ein Foto, auf das man l\u00e4nger als eine Sekunde schaut.\u201c Wenn mir das gelingt, macht mich das froh! Kontakt: E-Mail: willart(at)willart.de Instagram: willart3d<\/p>\n","protected":false},"author":1,"featured_media":0,"parent":0,"menu_order":0,"comment_status":"closed","ping_status":"closed","template":"","meta":{"footnotes":""},"class_list":["post-159","page","type-page","status-publish","hentry"],"acf":[],"_links":{"self":[{"href":"https:\/\/willart.de\/wordpress\/wp-json\/wp\/v2\/pages\/159","targetHints":{"allow":["GET"]}}],"collection":[{"href":"https:\/\/willart.de\/wordpress\/wp-json\/wp\/v2\/pages"}],"about":[{"href":"https:\/\/willart.de\/wordpress\/wp-json\/wp\/v2\/types\/page"}],"author":[{"embeddable":true,"href":"https:\/\/willart.de\/wordpress\/wp-json\/wp\/v2\/users\/1"}],"replies":[{"embeddable":true,"href":"https:\/\/willart.de\/wordpress\/wp-json\/wp\/v2\/comments?post=159"}],"version-history":[{"count":5,"href":"https:\/\/willart.de\/wordpress\/wp-json\/wp\/v2\/pages\/159\/revisions"}],"predecessor-version":[{"id":807,"href":"https:\/\/willart.de\/wordpress\/wp-json\/wp\/v2\/pages\/159\/revisions\/807"}],"wp:attachment":[{"href":"https:\/\/willart.de\/wordpress\/wp-json\/wp\/v2\/media?parent=159"}],"curies":[{"name":"wp","href":"https:\/\/api.w.org\/{rel}","templated":true}]}}