{"id":305,"date":"2025-09-16T17:13:17","date_gmt":"2025-09-16T15:13:17","guid":{"rendered":"https:\/\/willart.de\/wordpress\/?page_id=305"},"modified":"2025-09-21T18:52:17","modified_gmt":"2025-09-21T16:52:17","slug":"datenschutz","status":"publish","type":"page","link":"https:\/\/willart.de\/wordpress\/datenschutz\/","title":{"rendered":"Datenschutz"},"content":{"rendered":"\n<p>Personenbezogene Daten (nachfolgend zumeist nur \u201eDaten\u201c genannt) werden von uns nur im Rahmen der Erforderlichkeit sowie zum Zwecke der Bereitstellung eines funktionsf\u00e4higen und nutzerfreundlichen Internetauftritts, inklusive seiner Inhalte und der dort angebotenen Leistungen, verarbeitet.<\/p>\n\n\n\n<p>Gem\u00e4\u00df Art. 4 Ziffer 1. der Verordnung (EU) 2016\/679, also der Datenschutz-Grundverordnung (nachfolgend nur \u201eDSGVO\u201c genannt), gilt als \u201eVerarbeitung\u201c jeder mit oder ohne Hilfe automatisierter Verfahren ausgef\u00fchrter Vorgang oder jede solche Vorgangsreihe im Zusammenhang mit personenbezogenen Daten, wie das Erheben, das Erfassen, die Organisation, das Ordnen, die Speicherung, die Anpassung oder Ver\u00e4nderung, das Auslesen, das Abfragen, die Verwendung, die Offenlegung durch \u00dcbermittlung, Verbreitung oder eine andere Form der Bereitstellung, den Abgleich oder die Verkn\u00fcpfung, die Einschr\u00e4nkung, das L\u00f6schen oder die Vernichtung.<\/p>\n\n\n\n<p>Mit der nachfolgenden Datenschutzerkl\u00e4rung informieren wir Sie insbesondere \u00fcber Art, Umfang, Zweck, Dauer und Rechtsgrundlage der Verarbeitung personenbezogener Daten, soweit wir entweder allein oder gemeinsam mit anderen \u00fcber die Zwecke und Mittel der Verarbeitung entscheiden. Zudem informieren wir Sie nachfolgend \u00fcber die von uns zu Optimierungszwecken sowie zur Steigerung der Nutzungsqualit\u00e4t eingesetzten Fremdkomponenten, soweit hierdurch Dritte Daten in wiederum eigener Verantwortung verarbeiten.<\/p>\n\n\n\n<p>Unsere Datenschutzerkl\u00e4rung ist wie folgt gegliedert:<\/p>\n\n\n\n<p>I. Informationen \u00fcber uns als Verantwortliche<br>II. Rechte der Nutzer und Betroffenen<br>III. Informationen zur Datenverarbeitung<\/p>\n\n\n\n<h3 class=\"wp-block-heading\">I. Informationen \u00fcber uns als Verantwortliche<\/h3>\n\n\n\n<p>Verantwortlicher Anbieter dieses Internetauftritts im datenschutzrechtlichen Sinne ist:<\/p>\n\n\n\n<p>Wilhelm Kr\u00fcger<\/p>\n\n\n\n<p>Buchholzer Weg 1<\/p>\n\n\n\n<p>Telefon: 02191 663565<br>E-Mail:&nbsp;<a href=\"mailto:webmasterl@willart.de\">webmaster [at] willart [dot] de<\/a><\/p>\n\n\n\n<p>Datenschutzbeauftragte\/r beim Anbieter ist: Wilhelm Kr\u00fcger<\/p>\n\n\n\n<h3 class=\"wp-block-heading\">II. Rechte der Nutzer und Betroffenen<\/h3>\n\n\n\n<p>Mit Blick auf die nachfolgend noch n\u00e4her beschriebene Datenverarbeitung haben die Nutzer und Betroffenen das Recht<\/p>\n\n\n\n<ul class=\"wp-block-list\">\n<li>auf Best\u00e4tigung, ob sie betreffende Daten verarbeitet werden, auf Auskunft \u00fcber die verarbeiteten Daten, auf weitere Informationen \u00fcber die Datenverarbeitung sowie auf Kopien der Daten (vgl. auch Art. 15 DSGVO);<\/li>\n\n\n\n<li>auf Berichtigung oder Vervollst\u00e4ndigung unrichtiger bzw. unvollst\u00e4ndiger Daten (vgl. auch Art. 16 DSGVO);<\/li>\n\n\n\n<li>auf unverz\u00fcgliche L\u00f6schung der sie betreffenden Daten (vgl. auch Art. 17 DSGVO), oder, alternativ, soweit eine weitere Verarbeitung gem\u00e4\u00df Art. 17 Abs. 3 DSGVO erforderlich ist, auf Einschr\u00e4nkung der Verarbeitung nach Ma\u00dfgabe von Art. 18 DSGVO;<\/li>\n\n\n\n<li>auf Erhalt der sie betreffenden und von ihnen bereitgestellten Daten und auf \u00dcbermittlung dieser Daten an andere Anbieter\/Verantwortliche (vgl. auch Art. 20 DSGVO);<\/li>\n\n\n\n<li>auf Beschwerde gegen\u00fcber der Aufsichtsbeh\u00f6rde, sofern sie der Ansicht sind, dass die sie betreffenden Daten durch den Anbieter unter Versto\u00df gegen datenschutzrechtliche Bestimmungen verarbeitet werden (vgl. auch Art. 77 DSGVO).<\/li>\n<\/ul>\n\n\n\n<p>Dar\u00fcber hinaus ist der Anbieter dazu verpflichtet, alle Empf\u00e4nger, denen gegen\u00fcber Daten durch den Anbieter offengelegt worden sind, \u00fcber jedwede Berichtigung oder L\u00f6schung von Daten oder die Einschr\u00e4nkung der Verarbeitung, die aufgrund der Artikel 16, 17 Abs. 1, 18 DSGVO erfolgt, zu unterrichten. Diese Verpflichtung besteht jedoch nicht, soweit diese Mitteilung unm\u00f6glich oder mit einem unverh\u00e4ltnism\u00e4\u00dfigen Aufwand verbunden ist. Unbeschadet dessen hat der Nutzer ein Recht auf Auskunft \u00fcber diese Empf\u00e4nger.<\/p>\n\n\n\n<p><strong>Ebenfalls haben die Nutzer und Betroffenen nach Art. 21 DSGVO das Recht auf Widerspruch gegen die k\u00fcnftige Verarbeitung der sie betreffenden Daten, sofern die Daten durch den Anbieter nach Ma\u00dfgabe von Art. 6 Abs. 1 lit. f) DSGVO verarbeitet werden. Insbesondere ist ein Widerspruch gegen die Datenverarbeitung zum Zwecke der Direktwerbung statthaft.<\/strong><\/p>\n\n\n\n<h3 class=\"wp-block-heading\">III. Informationen zur Datenverarbeitung<\/h3>\n\n\n\n<p>Ihre bei Nutzung unseres Internetauftritts verarbeiteten Daten werden gel\u00f6scht oder gesperrt, sobald der Zweck der Speicherung entf\u00e4llt, der L\u00f6schung der Daten keine gesetzlichen Aufbewahrungspflichten entgegenstehen und nachfolgend keine anderslautenden Angaben zu einzelnen Verarbeitungsverfahren gemacht werden.<\/p>\n\n\n\n<h4 class=\"wp-block-heading\">III.1: Cookies<\/h4>\n\n\n\n<p>Cookies sind kleine Textdateien, die beim Aufruf der Webseite von Ihrem Webbrowser gespeichert werden und bestimmte Einstellungen und Daten zum Austausch mit unserem Webserver speichern. Grunds\u00e4tzlich unterscheidet man zwei Arten von Cookies: Sitzungscookies, die gel\u00f6scht werden sobald Sie Ihren Browser schlie\u00dfen und tempor\u00e4re\/permanente Cookies, die f\u00fcr einen l\u00e4ngeren Zeitraum gespeichert werden. Diese Speicherung hilft uns, die Webseite f\u00fcr Sie entsprechend zu gestalten und erleichtert Ihnen die Nutzung, indem beispielsweise bestimmte Eingaben von Ihnen gespeichert werden, damit Sie sie nicht st\u00e4ndig wiederholen m\u00fcssen. Die meisten Browser sind standardm\u00e4\u00dfig so eingestellt, dass sie Cookies akzeptieren. Sie k\u00f6nnen Ihre Browsereinstellungen jedoch so anpassen, dass Cookies ablehnt oder nur nach vorheriger Einwilligung gespeichert werden.<\/p>\n\n\n\n<p class=\"has-vivid-green-cyan-color has-text-color has-link-color wp-elements-7a017c4d789c19f6e7bf5eeb5b369ddb\"><strong>Auf dieser Webseite werden keine Cookies verwendet.<\/strong><\/p>\n\n\n\n<h4 class=\"wp-block-heading\">III.2: Kontaktanfragen \/ Kontaktm\u00f6glichkeit<\/h4>\n\n\n\n<p>Sofern Sie per Kontaktformular oder E-Mail mit uns in Kontakt treten, werden die dabei von Ihnen angegebenen Daten zur Bearbeitung Ihrer Anfrage genutzt. Die Angabe der Daten ist zur Bearbeitung und Beantwortung Ihre Anfrage erforderlich \u2013 ohne deren Bereitstellung k\u00f6nnen wir Ihre Anfrage nicht oder allenfalls eingeschr\u00e4nkt beantworten.<\/p>\n\n\n\n<p>Rechtsgrundlage f\u00fcr diese Verarbeitung ist Art. 6 Abs. 1 lit. b) DSGVO.<\/p>\n\n\n\n<p class=\"has-vivid-green-cyan-color has-text-color has-link-color wp-elements-908e043bf87c450bcecf1ccb706defb9\"><strong>Ihre Daten werden gel\u00f6scht, sofern Ihre Anfrage abschlie\u00dfend beantwortet worden ist und der L\u00f6schung keine gesetzlichen Aufbewahrungspflichten entgegenstehen, wie bspw. bei einer sich etwaig anschlie\u00dfenden Vertragsabwicklung.<\/strong><\/p>\n\n\n\n<h4 class=\"wp-block-heading has-black-color has-text-color has-link-color wp-elements-b20d3c9682fc94ee4f8a4045957791ee\">III.3: Kommentare zu Blogartikeln<br><\/h4>\n\n\n\n<p class=\"has-vivid-green-cyan-color has-text-color has-link-color wp-elements-cfee57608051ddd87b66ca4f3169f59d\"><strong>Es sind derzeit keine Kommentare im Blog m\u00f6glich.<\/strong><\/p>\n\n\n\n<p>Falls wir auf unseren Internetseiten anbieten sollten, Kommentare, nachfolgend nur \u201eBeitr\u00e4ge genannt, zu ver\u00f6ffentlichen und Sie dieses Angebot in Anspruch nehmen, verarbeiten und ver\u00f6ffentlichen wir Ihren Beitrag, Datum und Uhrzeit der Einreichung sowie das von Ihnen ggf. genutzte Pseudonym. Rechtsgrundlage hierbei ist Art. 6 Abs. 1 lit. a) DSGVO. Die Einwilligung k\u00f6nnen Sie gem\u00e4\u00df Art. 7 Abs. 3 DSGVO jederzeit mit Wirkung f\u00fcr die Zukunft widerrufen. Hierzu m\u00fcssen Sie uns lediglich \u00fcber Ihren Widerruf in Kenntnis setzen. Dar\u00fcber hinaus verarbeiten wir auch Ihre IP- und E-Mail-Adresse. Die IP-Adresse wird verarbeitet, weil wir ein berechtigtes Interesse daran haben, weitere Schritte einzuleiten oder zu unterst\u00fctzen, sofern Ihr Beitrag in Rechte Dritter eingreift und\/oder er sonst wie rechtswidrig erfolgt. Rechtsgrundlage ist in diesem Fall Art. 6 Abs. 1 lit. f) DSGVO. Unser berechtigtes Interesse liegt in der ggf. notwendigen Rechtsverteidigung.<\/p>\n\n\n\n<h4 class=\"wp-block-heading\">III.4: Allgemeine Verlinkung auf Profile bei Drittanbietern<\/h4>\n\n\n\n<p>Der Anbieter setzt auf der Website eine Verlinkung auf die nachstehend aufgef\u00fchrten sozialen Netzwerke ein.<\/p>\n\n\n\n<p>Rechtsgrundlage ist hierbei Art. 6 Abs. 1 lit. f DSGVO. Das berechtigte Interesse des Anbieters besteht an der Verbesserung der Nutzungsqualit\u00e4t der Website.<\/p>\n\n\n\n<p>Die Einbindung der Plugins erfolgt dabei \u00fcber eine verlinkte Grafik. Erst durch einen Klick auf die entsprechende Grafik wird der Nutzer zu dem Dienst des jeweiligen sozialen Netzwerks weitergeleitet.<\/p>\n\n\n\n<p>Nach der Weiterleitung des Kunden werden durch das jeweilige Netzwerk Informationen \u00fcber den Nutzer erfasst. Dies sind zun\u00e4chst Daten wie IP-Adresse, Datum, Uhrzeit und besuchte Seite. Ist der Nutzer w\u00e4hrenddessen in seinem Benutzerkonto des jeweiligen Netzwerks eingeloggt, kann der Netzwerk-Betreiber ggf. die gesammelten Informationen des konkreten Besuches des Nutzers dem pers\u00f6nlichen Account des Nutzers zuordnen. Interagiert der Nutzer \u00fcber einen \u201eTeilen\u201c-Button des jeweiligen Netzwerks, k\u00f6nnen diese Informationen in dem pers\u00f6nlichen Benutzerkonto des Nutzers gespeichert und ggf. ver\u00f6ffentlicht werden. Will der Nutzer verhindern, dass die gesammelten Informationen unmittelbar seinem Benutzerkonto zugeordnet werden, muss sich der Nutzer vor dem Anklicken der Grafik ausloggen. Zudem besteht die M\u00f6glichkeit, das jeweilige Benutzerkonto entsprechend zu konfigurieren.<\/p>\n\n\n\n<p>Folgende soziale Netzwerke sind vom Anbieter verlinkt:<\/p>\n\n\n\n<h4 class=\"wp-block-heading\">Instagram (Meta Platforms Ireland Limited, 4 Grand Canal Square, Dublin 2, Irland)<\/h4>\n\n\n\n<p>Datenschutzerkl\u00e4rung:&nbsp;<a href=\"https:\/\/help.instagram.com\/519522125107875\" target=\"_blank\" rel=\"noreferrer noopener\">https:\/\/help.instagram.com\/519522125107875<\/a><\/p>\n\n\n\n<p class=\"has-small-font-size\">Diese Erkl\u00e4rung basiert auf der <a href=\"https:\/\/www.xn--generator-datenschutzerklrung-pqc.de\/\" target=\"_blank\" rel=\"noreferrer noopener\">Muster-Datenschutzerkl\u00e4rung<\/a>\u00a0der\u00a0<a href=\"https:\/\/www.ratgeberrecht.eu\/datenschutz\/datenschutzerklaerung-generator-dsgvo.html\" target=\"_blank\" rel=\"noreferrer noopener\">Anwaltskanzlei Wei\u00df &amp; Partner<\/a><\/p>\n\n\n\n<p><\/p>\n","protected":false},"excerpt":{"rendered":"<p>Personenbezogene Daten (nachfolgend zumeist nur \u201eDaten\u201c genannt) werden von uns nur im Rahmen der Erforderlichkeit sowie zum Zwecke der Bereitstellung eines funktionsf\u00e4higen und nutzerfreundlichen Internetauftritts, inklusive seiner Inhalte und der dort angebotenen Leistungen, verarbeitet. Gem\u00e4\u00df Art. 4 Ziffer 1. der Verordnung (EU) 2016\/679, also der Datenschutz-Grundverordnung (nachfolgend nur \u201eDSGVO\u201c genannt), gilt als \u201eVerarbeitung\u201c jeder mit oder ohne Hilfe automatisierter Verfahren ausgef\u00fchrter Vorgang oder jede solche Vorgangsreihe im Zusammenhang mit personenbezogenen Daten, wie das Erheben, das Erfassen, die Organisation, das Ordnen, die Speicherung, die Anpassung oder Ver\u00e4nderung, das Auslesen, das Abfragen, die Verwendung, die Offenlegung durch \u00dcbermittlung, Verbreitung oder eine andere Form der Bereitstellung, den Abgleich oder die Verkn\u00fcpfung, die Einschr\u00e4nkung, das L\u00f6schen oder die Vernichtung. Mit der nachfolgenden Datenschutzerkl\u00e4rung informieren wir Sie insbesondere \u00fcber Art, Umfang, Zweck, Dauer und Rechtsgrundlage der Verarbeitung personenbezogener Daten, soweit wir entweder allein oder gemeinsam mit anderen \u00fcber die Zwecke und Mittel der Verarbeitung entscheiden. Zudem informieren wir Sie nachfolgend \u00fcber die von uns zu Optimierungszwecken sowie zur Steigerung der Nutzungsqualit\u00e4t eingesetzten Fremdkomponenten, soweit hierdurch Dritte Daten in wiederum eigener Verantwortung verarbeiten. Unsere Datenschutzerkl\u00e4rung ist wie folgt gegliedert: I. Informationen \u00fcber uns als VerantwortlicheII. Rechte der Nutzer und BetroffenenIII. Informationen zur Datenverarbeitung I. Informationen \u00fcber uns als Verantwortliche Verantwortlicher Anbieter dieses Internetauftritts im datenschutzrechtlichen Sinne ist: Wilhelm Kr\u00fcger Buchholzer Weg 1 Telefon: 02191 663565E-Mail:&nbsp;webmaster [at] willart [dot] de Datenschutzbeauftragte\/r beim Anbieter ist: Wilhelm Kr\u00fcger II. Rechte der Nutzer und Betroffenen Mit Blick auf die nachfolgend noch n\u00e4her beschriebene Datenverarbeitung haben die Nutzer und Betroffenen das Recht Dar\u00fcber hinaus ist der Anbieter dazu verpflichtet, alle Empf\u00e4nger, denen gegen\u00fcber Daten durch den Anbieter offengelegt worden sind, \u00fcber jedwede Berichtigung oder L\u00f6schung von Daten oder die Einschr\u00e4nkung der Verarbeitung, die aufgrund der Artikel 16, 17 Abs. 1, 18 DSGVO erfolgt, zu unterrichten. Diese Verpflichtung besteht jedoch nicht, soweit diese Mitteilung unm\u00f6glich oder mit einem unverh\u00e4ltnism\u00e4\u00dfigen Aufwand verbunden ist. Unbeschadet dessen hat der Nutzer ein Recht auf Auskunft \u00fcber diese Empf\u00e4nger. Ebenfalls haben die Nutzer und Betroffenen nach Art. 21 DSGVO das Recht auf Widerspruch gegen die k\u00fcnftige Verarbeitung der sie betreffenden Daten, sofern die Daten durch den Anbieter nach Ma\u00dfgabe von Art. 6 Abs. 1 lit. f) DSGVO verarbeitet werden. Insbesondere ist ein Widerspruch gegen die Datenverarbeitung zum Zwecke der Direktwerbung statthaft. III. Informationen zur Datenverarbeitung Ihre bei Nutzung unseres Internetauftritts verarbeiteten Daten werden gel\u00f6scht oder gesperrt, sobald der Zweck der Speicherung entf\u00e4llt, der L\u00f6schung der Daten keine gesetzlichen Aufbewahrungspflichten entgegenstehen und nachfolgend keine anderslautenden Angaben zu einzelnen Verarbeitungsverfahren gemacht werden. III.1: Cookies Cookies sind kleine Textdateien, die beim Aufruf der Webseite von Ihrem Webbrowser gespeichert werden und bestimmte Einstellungen und Daten zum Austausch mit unserem Webserver speichern. Grunds\u00e4tzlich unterscheidet man zwei Arten von Cookies: Sitzungscookies, die gel\u00f6scht werden sobald Sie Ihren Browser schlie\u00dfen und tempor\u00e4re\/permanente Cookies, die f\u00fcr einen l\u00e4ngeren Zeitraum gespeichert werden. Diese Speicherung hilft uns, die Webseite f\u00fcr Sie entsprechend zu gestalten und erleichtert Ihnen die Nutzung, indem beispielsweise bestimmte Eingaben von Ihnen gespeichert werden, damit Sie sie nicht st\u00e4ndig wiederholen m\u00fcssen. Die meisten Browser sind standardm\u00e4\u00dfig so eingestellt, dass sie Cookies akzeptieren. Sie k\u00f6nnen Ihre Browsereinstellungen jedoch so anpassen, dass Cookies ablehnt oder nur nach vorheriger Einwilligung gespeichert werden. Auf dieser Webseite werden keine Cookies verwendet. III.2: Kontaktanfragen \/ Kontaktm\u00f6glichkeit Sofern Sie per Kontaktformular oder E-Mail mit uns in Kontakt treten, werden die dabei von Ihnen angegebenen Daten zur Bearbeitung Ihrer Anfrage genutzt. Die Angabe der Daten ist zur Bearbeitung und Beantwortung Ihre Anfrage erforderlich \u2013 ohne deren Bereitstellung k\u00f6nnen wir Ihre Anfrage nicht oder allenfalls eingeschr\u00e4nkt beantworten. Rechtsgrundlage f\u00fcr diese Verarbeitung ist Art. 6 Abs. 1 lit. b) DSGVO. Ihre Daten werden gel\u00f6scht, sofern Ihre Anfrage abschlie\u00dfend beantwortet worden ist und der L\u00f6schung keine gesetzlichen Aufbewahrungspflichten entgegenstehen, wie bspw. bei einer sich etwaig anschlie\u00dfenden Vertragsabwicklung. III.3: Kommentare zu Blogartikeln Es sind derzeit keine Kommentare im Blog m\u00f6glich. Falls wir auf unseren Internetseiten anbieten sollten, Kommentare, nachfolgend nur \u201eBeitr\u00e4ge genannt, zu ver\u00f6ffentlichen und Sie dieses Angebot in Anspruch nehmen, verarbeiten und ver\u00f6ffentlichen wir Ihren Beitrag, Datum und Uhrzeit der Einreichung sowie das von Ihnen ggf. genutzte Pseudonym. Rechtsgrundlage hierbei ist Art. 6 Abs. 1 lit. a) DSGVO. Die Einwilligung k\u00f6nnen Sie gem\u00e4\u00df Art. 7 Abs. 3 DSGVO jederzeit mit Wirkung f\u00fcr die Zukunft widerrufen. Hierzu m\u00fcssen Sie uns lediglich \u00fcber Ihren Widerruf in Kenntnis setzen. Dar\u00fcber hinaus verarbeiten wir auch Ihre IP- und E-Mail-Adresse. Die IP-Adresse wird verarbeitet, weil wir ein berechtigtes Interesse daran haben, weitere Schritte einzuleiten oder zu unterst\u00fctzen, sofern Ihr Beitrag in Rechte Dritter eingreift und\/oder er sonst wie rechtswidrig erfolgt. Rechtsgrundlage ist in diesem Fall Art. 6 Abs. 1 lit. f) DSGVO. Unser berechtigtes Interesse liegt in der ggf. notwendigen Rechtsverteidigung. III.4: Allgemeine Verlinkung auf Profile bei Drittanbietern Der Anbieter setzt auf der Website eine Verlinkung auf die nachstehend aufgef\u00fchrten sozialen Netzwerke ein. Rechtsgrundlage ist hierbei Art. 6 Abs. 1 lit. f DSGVO. Das berechtigte Interesse des Anbieters besteht an der Verbesserung der Nutzungsqualit\u00e4t der Website. Die Einbindung der Plugins erfolgt dabei \u00fcber eine verlinkte Grafik. Erst durch einen Klick auf die entsprechende Grafik wird der Nutzer zu dem Dienst des jeweiligen sozialen Netzwerks weitergeleitet. Nach der Weiterleitung des Kunden werden durch das jeweilige Netzwerk Informationen \u00fcber den Nutzer erfasst. Dies sind zun\u00e4chst Daten wie IP-Adresse, Datum, Uhrzeit und besuchte Seite. Ist der Nutzer w\u00e4hrenddessen in seinem Benutzerkonto des jeweiligen Netzwerks eingeloggt, kann der Netzwerk-Betreiber ggf. die gesammelten Informationen des konkreten Besuches des Nutzers dem pers\u00f6nlichen Account des Nutzers zuordnen. Interagiert der Nutzer \u00fcber einen \u201eTeilen\u201c-Button des jeweiligen Netzwerks, k\u00f6nnen diese Informationen in dem pers\u00f6nlichen Benutzerkonto des Nutzers gespeichert und ggf. ver\u00f6ffentlicht werden. Will der Nutzer verhindern, dass die gesammelten Informationen unmittelbar seinem Benutzerkonto zugeordnet werden, muss sich der Nutzer vor dem Anklicken der Grafik ausloggen. Zudem besteht die M\u00f6glichkeit, das jeweilige Benutzerkonto entsprechend zu konfigurieren. Folgende soziale Netzwerke sind vom Anbieter verlinkt: Instagram (Meta Platforms Ireland Limited, 4 Grand Canal Square, Dublin 2, Irland) Datenschutzerkl\u00e4rung:&nbsp;https:\/\/help.instagram.com\/519522125107875 Diese Erkl\u00e4rung basiert auf der Muster-Datenschutzerkl\u00e4rung\u00a0der\u00a0Anwaltskanzlei Wei\u00df &amp; Partner<\/p>\n","protected":false},"author":1,"featured_media":0,"parent":0,"menu_order":0,"comment_status":"closed","ping_status":"closed","template":"","meta":{"footnotes":""},"class_list":["post-305","page","type-page","status-publish","hentry"],"acf":[],"_links":{"self":[{"href":"https:\/\/willart.de\/wordpress\/wp-json\/wp\/v2\/pages\/305","targetHints":{"allow":["GET"]}}],"collection":[{"href":"https:\/\/willart.de\/wordpress\/wp-json\/wp\/v2\/pages"}],"about":[{"href":"https:\/\/willart.de\/wordpress\/wp-json\/wp\/v2\/types\/page"}],"author":[{"embeddable":true,"href":"https:\/\/willart.de\/wordpress\/wp-json\/wp\/v2\/users\/1"}],"replies":[{"embeddable":true,"href":"https:\/\/willart.de\/wordpress\/wp-json\/wp\/v2\/comments?post=305"}],"version-history":[{"count":2,"href":"https:\/\/willart.de\/wordpress\/wp-json\/wp\/v2\/pages\/305\/revisions"}],"predecessor-version":[{"id":583,"href":"https:\/\/willart.de\/wordpress\/wp-json\/wp\/v2\/pages\/305\/revisions\/583"}],"wp:attachment":[{"href":"https:\/\/willart.de\/wordpress\/wp-json\/wp\/v2\/media?parent=305"}],"curies":[{"name":"wp","href":"https:\/\/api.w.org\/{rel}","templated":true}]}}