{"id":343,"date":"2025-09-17T13:34:58","date_gmt":"2025-09-17T11:34:58","guid":{"rendered":"https:\/\/willart.de\/wordpress\/?page_id=343"},"modified":"2025-10-28T23:39:27","modified_gmt":"2025-10-28T22:39:27","slug":"links","status":"publish","type":"page","link":"https:\/\/willart.de\/wordpress\/links\/","title":{"rendered":"Links"},"content":{"rendered":"\n<blockquote class=\"wp-block-quote is-layout-flow wp-block-quote-is-layout-flow\">\n<p class=\"has-vivid-cyan-blue-color has-text-color has-link-color wp-elements-cebeb625d38316cc0032441714f456dc\" style=\"font-size:14px\"><em>&#8222;Wir sind jetzt alle durch das Internet miteinander verbunden, wie Neuronen in einem riesigen Gehirn.&#8220; Stephen Hawking<\/em><\/p>\n<\/blockquote>\n\n\n\n<p style=\"font-size:15px\"><strong><a href=\"https:\/\/bildwerk-wuppertal.de\/\" target=\"_blank\" rel=\"noreferrer noopener\">Bildwerk Wuppertal&nbsp;<\/a>&nbsp;<\/strong> kreativ. konstruktiv. bunt.&nbsp; Fotoclub mit&nbsp;leidenschaftlichen Fotografinnen und Fotografen unterschiedlicher Genres, die vor allem eins verbindet: die Liebe zur Fotografie.<\/p>\n\n\n\n<p style=\"font-size:15px\"><a href=\"https:\/\/tnfoto.de\/\" target=\"_blank\" rel=\"noreferrer noopener\"><strong>Thomas Nentwich<\/strong><\/a>&nbsp;&nbsp;Fotograf aus Leidenschaft mit Fotostudio in Wuppertal f\u00fcr Bewerbungsfotos, Businessfotos, Familienfotos und kreative Portraits<\/p>\n\n\n\n<p style=\"font-size:15px\"><a href=\"https:\/\/timoplatte.de\/\"><strong>Timo Platte<\/strong> <\/a>Fotograf, Videograf, Grafik- &amp; Webdesigner aus Wuppertal<\/p>\n\n\n\n<p style=\"font-size:15px\"><a href=\"https:\/\/www.youtube.com\/@StephanWiesner\" target=\"_blank\" rel=\"noreferrer noopener\"><strong>Stephan Wiesner <\/strong>(Youtube)<\/a> Fotograf aus Niedersachsen mit der Spezialit\u00e4t Landschaftsfotografie und Portraits im Fotostudio. Tutorials, Testberichte zu Kamera und Fotografie-Ausr\u00fcstung, Herausgeber des Zielfoto-Magazins<\/p>\n\n\n\n<p style=\"font-size:15px\"><strong><a href=\"https:\/\/www.lintaro.de\/\" target=\"_blank\" rel=\"noreferrer noopener\">Samuel Lintaro Hopf<\/a>&nbsp; <\/strong>Street- und Dokumentarfotograf, Filmemacher und Youtuber.<\/p>\n\n\n\n<p style=\"font-size:15px\"><a href=\"https:\/\/fionalouisefineart.com\/\" target=\"_blank\" rel=\"noreferrer noopener\"><strong>Fiona Lark<\/strong><\/a>&nbsp; Fine Art Fotografin aus Cumbria (UK) mit dem Schwerpunkt auf der malerischen Landschaft und den Bergen (und den Pferden) im Lake District.<\/p>\n\n\n\n<p style=\"font-size:15px\"><a href=\"https:\/\/www.piximperfect.com\/\" target=\"_blank\" rel=\"noreferrer noopener\"><strong>PiXimperfect<\/strong><\/a>&nbsp;Unmesh Dinda`s&nbsp;kostenlose, umfassende Anleitungen und Tipps f\u00fcr alle, die Photoshop beherrschen m\u00f6chten.<\/p>\n\n\n\n<p style=\"font-size:15px\"><a href=\"https:\/\/www.youtube.com\/@Filmanalyse\" target=\"_blank\" rel=\"noreferrer noopener\"><strong>Filmanalyse <\/strong>(Youtube)<\/a>&nbsp;&nbsp;Wolfgang M. Schmitt jun. beleuchtet aktuelle Gro\u00dfproduktionen (und manchmal auch Klassiker) aus einer etwas anderen (auch: ideologiekritischen) Perspektive.<\/p>\n\n\n\n<p><\/p>\n","protected":false},"excerpt":{"rendered":"<p>&#8222;Wir sind jetzt alle durch das Internet miteinander verbunden, wie Neuronen in einem riesigen Gehirn.&#8220; Stephen Hawking Bildwerk Wuppertal&nbsp;&nbsp; kreativ. konstruktiv. bunt.&nbsp; Fotoclub mit&nbsp;leidenschaftlichen Fotografinnen und Fotografen unterschiedlicher Genres, die vor allem eins verbindet: die Liebe zur Fotografie. Thomas Nentwich&nbsp;&nbsp;Fotograf aus Leidenschaft mit Fotostudio in Wuppertal f\u00fcr Bewerbungsfotos, Businessfotos, Familienfotos und kreative Portraits Timo Platte Fotograf, Videograf, Grafik- &amp; Webdesigner aus Wuppertal Stephan Wiesner (Youtube) Fotograf aus Niedersachsen mit der Spezialit\u00e4t Landschaftsfotografie und Portraits im Fotostudio. Tutorials, Testberichte zu Kamera und Fotografie-Ausr\u00fcstung, Herausgeber des Zielfoto-Magazins Samuel Lintaro Hopf&nbsp; Street- und Dokumentarfotograf, Filmemacher und Youtuber. Fiona Lark&nbsp; Fine Art Fotografin aus Cumbria (UK) mit dem Schwerpunkt auf der malerischen Landschaft und den Bergen (und den Pferden) im Lake District. PiXimperfect&nbsp;Unmesh Dinda`s&nbsp;kostenlose, umfassende Anleitungen und Tipps f\u00fcr alle, die Photoshop beherrschen m\u00f6chten. Filmanalyse (Youtube)&nbsp;&nbsp;Wolfgang M. Schmitt jun. beleuchtet aktuelle Gro\u00dfproduktionen (und manchmal auch Klassiker) aus einer etwas anderen (auch: ideologiekritischen) Perspektive.<\/p>\n","protected":false},"author":1,"featured_media":0,"parent":0,"menu_order":0,"comment_status":"closed","ping_status":"closed","template":"","meta":{"footnotes":""},"class_list":["post-343","page","type-page","status-publish","hentry"],"acf":[],"_links":{"self":[{"href":"https:\/\/willart.de\/wordpress\/wp-json\/wp\/v2\/pages\/343","targetHints":{"allow":["GET"]}}],"collection":[{"href":"https:\/\/willart.de\/wordpress\/wp-json\/wp\/v2\/pages"}],"about":[{"href":"https:\/\/willart.de\/wordpress\/wp-json\/wp\/v2\/types\/page"}],"author":[{"embeddable":true,"href":"https:\/\/willart.de\/wordpress\/wp-json\/wp\/v2\/users\/1"}],"replies":[{"embeddable":true,"href":"https:\/\/willart.de\/wordpress\/wp-json\/wp\/v2\/comments?post=343"}],"version-history":[{"count":8,"href":"https:\/\/willart.de\/wordpress\/wp-json\/wp\/v2\/pages\/343\/revisions"}],"predecessor-version":[{"id":791,"href":"https:\/\/willart.de\/wordpress\/wp-json\/wp\/v2\/pages\/343\/revisions\/791"}],"wp:attachment":[{"href":"https:\/\/willart.de\/wordpress\/wp-json\/wp\/v2\/media?parent=343"}],"curies":[{"name":"wp","href":"https:\/\/api.w.org\/{rel}","templated":true}]}}